{"id":373,"date":"2021-12-28T05:16:11","date_gmt":"2021-12-28T05:16:11","guid":{"rendered":"https:\/\/garten.webartists.at\/impressum\/"},"modified":"2021-12-30T04:21:43","modified_gmt":"2021-12-30T04:21:43","slug":"imprint","status":"publish","type":"page","link":"https:\/\/global-image.biz\/en\/imprint\/","title":{"rendered":"Imprint"},"content":{"rendered":"<p>[vc_row full_width=&#8221;stretch_row_content_no_spaces&#8221;][vc_column]\r\n    <section id=\"\" class=\"sub-header banner-bg \" data-background=\"https:\/\/global-image.biz\/wp-content\/uploads\/2021\/12\/bg1.jpg\">\r\n        <div class=\"container\">\r\n            <div class=\"content-info white-color center-align mt-50\">                    <div class=\"sub-header-logo mb-30\">\r\n                        <img decoding=\"async\" src=\"https:\/\/global-image.biz\/wp-content\/uploads\/2021\/12\/LogoWeissGross.png\" alt=\"LogoWeissGross\">\r\n                    <\/div>                    <h1>Impressum<\/h1>                    <a href=\"\/en\/#contact\" title=\"Contat us\" class=\"main-btn\"><span><\/span>Contat us<\/a>            <\/div>\r\n        <\/div>\r\n    <\/section>[\/vc_column][\/vc_row][vc_row full_width=&#8221;stretch_row_content_no_spaces&#8221;][vc_column]\r\n    <section id=\"\" class=\"content-part pt-md-100 pt-60 pb-md-95 \">\r\n        <div class=\"container\">                <div class=\"content-title center-align wow fadeInUp\" data-wow-delay=\"0.3s\" data-wow-duration=\"0.5s\">                        <h2 class=\"sub-title\"><span>Impressum<\/span><\/h2>                        <p>Angaben nach AGB, Disclaimer und Copyright<\/p>                <\/div>                <div class=\"content-info privacy-info wow fadeInUp\" data-wow-delay=\"0.3s\" data-wow-duration=\"0.5s\">\r\n                    <h3>Unternehmensdaten:<\/h3>\n<h4>IMaGE PAP Ges.m.b.H.<\/h4>\n<p>Haydngasse 6\/20<\/p>\n<p>1060 Wien<\/p>\n<p>E-Mail: office@global-image.biz<\/p>\n<p>Registrierung: Handelsgericht Wien, Firmenbuchnummer 152937h<\/p>\n<p>UID: ATU41952605<\/p>\n<p>Mitglied der Wirtschaftskammer Wien, Sparte Tourismus- und Freizeitbetriebe,\u00a0Gewerbeschein f\u00fcr \u201eOrganisation und Vermittlung von Veranstaltungen, Kongressen\u201c<\/p>\n<p>Bankverbindung: Bank Austria<\/p>\n<p>BiC\u00a0 : BKAUATWW<\/p>\n<p>IBAN : AT43 1200 0004 0514 2209<\/p>\n<p>Gesch\u00e4ftsgegenstand:<\/p>\n<p>&nbsp;<\/p>\n<h3>Benutzungsbestimmungen und Copyright<\/h3>\n<h4>Haftungsbeschr\u00e4nkung f\u00fcr eigene Inhalte:<\/h4>\n<p>Die Inhalte unserer Webseiten wurden sorgf\u00e4ltig und nach bestem Gewissen erstellt. Gleichwohl\u00a0kann f\u00fcr die Aktualit\u00e4t, Vollst\u00e4ndigkeit und Richtigkeit s\u00e4mtlicher Seiten keine Gew\u00e4hr\u00a0\u00fcbernommen werden. Gem\u00e4\u00df \u00a7 7 Abs. 1 TMG sind wir als Diensteanbieter f\u00fcr eigene Inhalte auf\u00a0diesen Seiten nach den allgemeinen Gesetzen verantwortlich. Wir sind als Diensteanbieter nach\u00a0den \u00a7\u00a7 8 bis 10 TMG jedoch nicht verpflichtet, \u00fcbermittelte oder gespeicherte fremde\u00a0Informationen zu \u00fcberwachen. Ab dem Zeitpunkt der Kenntnis einer konkreten Rechtsverletzung\u00a0erfolgt eine umgehende Entfernung dieser Inhalte durch uns. Eine diesbez\u00fcgliche Haftung kann\u00a0erst ab dem Zeitpunkt der Kenntniserlangung \u00fcbernommen werden.<\/p>\n<h4>Haftungsbeschr\u00e4nkung f\u00fcr externe Links:<\/h4>\n<p>Unsere Webseite enth\u00e4lt Verkn\u00fcpfungen zu Webseiten Dritter (sog. \u201eexterne Links\u201c). Da wir auf\u00a0deren Inhalte keinen Einfluss haben, kann f\u00fcr die fremden Inhalte keine Gew\u00e4hr \u00fcbernommen\u00a0werden. F\u00fcr die Inhalte und Richtigkeit der Informationen ist stets der jeweilige\u00a0Informationsanbieter der verlinkten Webseite verantwortlich. Zum Zeitpunkt der Verlinkung waren\u00a0keine Rechtsverst\u00f6\u00dfe erkennbar. Sobald uns eine Rechtsverletzung bekannt wird, werden wir den\u00a0jeweiligen Link umgehend entfernen.<\/p>\n<h4>Urheberrecht:<\/h4>\n<p>Die auf dieser Webseite ver\u00f6ffentlichten Inhalte und Werke unterliegen dem deutschen und dem\u00a0\u00f6sterreichischen Urheberrecht. Jede Vervielf\u00e4ltigung, Bearbeitung, Verbreitung und jede Art der\u00a0Verwertung au\u00dferhalb der Grenzen des Urheberrechts bed\u00fcrfen der vorherigen schriftlichen\u00a0Zustimmung des jeweiligen Urhebers bzw. Autors.<\/p>\n                <\/div>        <\/div>\r\n    <\/section>[\/vc_column][\/vc_row]<\/p>\n","protected":false},"excerpt":{"rendered":"<p>[vc_row full_width=&#8221;stretch_row_content_no_spaces&#8221;][vc_column][\/vc_column][\/vc_row][vc_row full_width=&#8221;stretch_row_content_no_spaces&#8221;][vc_column][\/vc_column][\/vc_row]<\/p>\n","protected":false},"author":1,"featured_media":0,"parent":0,"menu_order":0,"comment_status":"closed","ping_status":"closed","template":"","meta":{"footnotes":""},"class_list":["post-373","page","type-page","status-publish","hentry"],"acf":[],"_links":{"self":[{"href":"https:\/\/global-image.biz\/en\/wp-json\/wp\/v2\/pages\/373","targetHints":{"allow":["GET"]}}],"collection":[{"href":"https:\/\/global-image.biz\/en\/wp-json\/wp\/v2\/pages"}],"about":[{"href":"https:\/\/global-image.biz\/en\/wp-json\/wp\/v2\/types\/page"}],"author":[{"embeddable":true,"href":"https:\/\/global-image.biz\/en\/wp-json\/wp\/v2\/users\/1"}],"replies":[{"embeddable":true,"href":"https:\/\/global-image.biz\/en\/wp-json\/wp\/v2\/comments?post=373"}],"version-history":[{"count":3,"href":"https:\/\/global-image.biz\/en\/wp-json\/wp\/v2\/pages\/373\/revisions"}],"predecessor-version":[{"id":538,"href":"https:\/\/global-image.biz\/en\/wp-json\/wp\/v2\/pages\/373\/revisions\/538"}],"wp:attachment":[{"href":"https:\/\/global-image.biz\/en\/wp-json\/wp\/v2\/media?parent=373"}],"curies":[{"name":"wp","href":"https:\/\/api.w.org\/{rel}","templated":true}]}}