{"id":369,"date":"2021-12-28T05:16:15","date_gmt":"2021-12-28T05:16:15","guid":{"rendered":"https:\/\/garten.webartists.at\/datenschutz\/"},"modified":"2021-12-30T04:22:57","modified_gmt":"2021-12-30T04:22:57","slug":"privacy-policy","status":"publish","type":"page","link":"https:\/\/global-image.biz\/en\/privacy-policy\/","title":{"rendered":"Privacy policy"},"content":{"rendered":"<p>[vc_row full_width=&#8221;stretch_row_content_no_spaces&#8221;][vc_column]\r\n    <section id=\"\" class=\"sub-header banner-bg \" data-background=\"https:\/\/global-image.biz\/wp-content\/uploads\/2021\/12\/door-1587863_1920.jpg\">\r\n        <div class=\"container\">\r\n            <div class=\"content-info white-color center-align mt-50\">                    <div class=\"sub-header-logo mb-30\">\r\n                        <img decoding=\"async\" src=\"https:\/\/global-image.biz\/wp-content\/uploads\/2021\/12\/LogoWeissGross.png\" alt=\"LogoWeissGross\">\r\n                    <\/div>                    <h1>Data protection<\/h1>                    <a href=\"\/en\/#contact\" title=\"Contat us\" class=\"main-btn\"><span><\/span>Contat us<\/a>            <\/div>\r\n        <\/div>\r\n    <\/section>[\/vc_column][\/vc_row][vc_row full_width=&#8221;stretch_row_content_no_spaces&#8221;][vc_column]\r\n    <section id=\"\" class=\"content-part pt-md-100 pt-60 pb-md-95 \">\r\n        <div class=\"container\">                <div class=\"content-title center-align wow fadeInUp\" data-wow-delay=\"0.3s\" data-wow-duration=\"0.5s\">                        <h2 class=\"sub-title\">Datenschutz <span>&amp; Cookies<\/span><\/h2>                <\/div>                <div class=\"content-info privacy-info wow fadeInUp\" data-wow-delay=\"0.3s\" data-wow-duration=\"0.5s\">\r\n                    <h3>Allgemeines<\/h3>\n<p>Der Schutz Ihrer pers\u00f6nlichen Daten ist uns ein besonderes Anliegen. Wir verarbeiten Ihre Daten daher ausschlie\u00dflich auf Grundlage der gesetzlichen Bestimmungen (DSGVO, TKG 2003). In diesen Datenschutzinformationen informieren wir Sie \u00fcber die wichtigsten Aspekte der Datenverarbeitung im Rahmen unserer Website.<\/p>\n<h4>Kontakt mit uns<\/h4>\n<p>Wenn Sie per Formular auf der Website oder per E-Mail Kontakt mit uns aufnehmen, werden Ihre angegebenen Daten zwecks Bearbeitung der Anfrage und f\u00fcr den Fall von Anschlussfragen sechs Monate bei uns gespeichert. Diese Daten geben wir nicht ohne Ihre Einwilligung weiter.<\/p>\n<h4>Cookies<\/h4>\n<p>Unsere Website verwendet so genannte Cookies. Dabei handelt es sich um kleine Textdateien, die mit Hilfe des Browsers auf Ihrem Endger\u00e4t abgelegt werden. Sie richten keinen Schaden an.<\/p>\n<p>Wir nutzen Cookies dazu, unser Angebot nutzerfreundlich zu gestalten. Einige Cookies bleiben auf Ihrem Endger\u00e4t gespeichert, bis Sie diese l\u00f6schen. Sie erm\u00f6glichen es uns, Ihren Browser beim n\u00e4chsten Besuch wiederzuerkennen.<\/p>\n<p>Wenn Sie dies nicht w\u00fcnschen, so k\u00f6nnen Sie Ihren Browser so einrichten, dass er Sie \u00fcber das Setzen von Cookies informiert und Sie dies nur im Einzelfall erlauben.<\/p>\n<p>Bei der Deaktivierung von Cookies kann die Funktionalit\u00e4t unserer Website eingeschr\u00e4nkt sein.<\/p>\n<h5><em>Verwendete Cookies und automatische L\u00f6schung:<\/em><\/h5>\n<p><em><strong>&#8230; dnn_IsMobile<\/strong><\/em>: Dieses Cookie stellt fest ob die Seite von einem mobilen Endger\u00e4t aus benutzt wird \u2013 L\u00f6schung mit Ende der Browsersitzung<\/p>\n<p><em><strong>&#8230; language<\/strong><\/em>: speichert die Sprache in der Sie diese Seite zuletzt aufgerufen haben und setzt bei einem erneuten Besuch und bei der Navigation innerhalb der Seite automatisch diese Sprache ein, wo \u00dcbersetzungen vorhanden sind. \u2013 L\u00f6schung mit Ende der Browsersitzung<\/p>\n<p><em><strong>&#8230; __RequestVerificationToken<\/strong><\/em>: beinhaltet eine Zeichenfolge die zur Verifizierung des Zugriffs auf die Seite tempor\u00e4r zur Verf\u00fcgung gestellt wird. \u2013 L\u00f6schung mit Ende der Browsersitzung<\/p>\n<p><em><strong>&#8230; cookieconsent_status<\/strong><\/em>: speichert die Information ob Sie der Cookie Policy zugestimmt haben. \u2013 L\u00f6schung nach12 Monaten<\/p>\n<h4>Ihre Rechte<\/h4>\n<p>Die Datenverarbeitung erfolgt auf Basis der gesetzlichen Bestimmungen des \u00a7 96 Abs 3 TKG sowie des Art 6 Abs 1 lit a (Einwilligung) und\/oder f (berechtigtes Interesse) der DSGVO.<\/p>\n<p>Ihnen stehen grunds\u00e4tzlich die Rechte auf Auskunft, Berichtigung, L\u00f6schung, Einschr\u00e4nkung, Daten\u00fcbertragbarkeit, Widerruf und Widerspruch zu. Wenn Sie glauben, dass die Verarbeitung Ihrer Daten gegen das Datenschutzrecht verst\u00f6\u00dft oder Ihre datenschutzrechtlichen Anspr\u00fcche sonst in einer Weise verletzt worden sind, k\u00f6nnen Sie sich bei der Aufsichtsbeh\u00f6rde beschweren. In \u00d6sterreich ist dies die Datenschutzbeh\u00f6rde.<\/p>\n<p>Sie erreichen uns unter den im<span>\u00a0<\/span><a href=\"https:\/\/global-image.biz\/impressum\/\">Impressum<\/a><span>\u00a0<\/span>angegebene Kontaktdaten:<\/p>\n                <\/div>        <\/div>\r\n    <\/section>[\/vc_column][\/vc_row]<\/p>\n","protected":false},"excerpt":{"rendered":"<p>[vc_row full_width=&#8221;stretch_row_content_no_spaces&#8221;][vc_column][\/vc_column][\/vc_row][vc_row full_width=&#8221;stretch_row_content_no_spaces&#8221;][vc_column][\/vc_column][\/vc_row]<\/p>\n","protected":false},"author":1,"featured_media":0,"parent":0,"menu_order":0,"comment_status":"closed","ping_status":"closed","template":"","meta":{"footnotes":""},"class_list":["post-369","page","type-page","status-publish","hentry"],"acf":[],"_links":{"self":[{"href":"https:\/\/global-image.biz\/en\/wp-json\/wp\/v2\/pages\/369","targetHints":{"allow":["GET"]}}],"collection":[{"href":"https:\/\/global-image.biz\/en\/wp-json\/wp\/v2\/pages"}],"about":[{"href":"https:\/\/global-image.biz\/en\/wp-json\/wp\/v2\/types\/page"}],"author":[{"embeddable":true,"href":"https:\/\/global-image.biz\/en\/wp-json\/wp\/v2\/users\/1"}],"replies":[{"embeddable":true,"href":"https:\/\/global-image.biz\/en\/wp-json\/wp\/v2\/comments?post=369"}],"version-history":[{"count":6,"href":"https:\/\/global-image.biz\/en\/wp-json\/wp\/v2\/pages\/369\/revisions"}],"predecessor-version":[{"id":541,"href":"https:\/\/global-image.biz\/en\/wp-json\/wp\/v2\/pages\/369\/revisions\/541"}],"wp:attachment":[{"href":"https:\/\/global-image.biz\/en\/wp-json\/wp\/v2\/media?parent=369"}],"curies":[{"name":"wp","href":"https:\/\/api.w.org\/{rel}","templated":true}]}}